{"id":23,"date":"2025-08-04T16:12:31","date_gmt":"2025-08-04T16:12:31","guid":{"rendered":"http:\/\/ramakantmaharaj.fr\/?page_id=23"},"modified":"2025-10-14T14:31:27","modified_gmt":"2025-10-14T14:31:27","slug":"a-propos-de-maharaj","status":"publish","type":"page","link":"https:\/\/ramakantmaharaj.fr\/index.php\/a-propos-de-maharaj\/","title":{"rendered":"\u00c0 propos de Maharaj"},"content":{"rendered":"\n<figure class=\"wp-block-image size-full\"><img loading=\"lazy\" decoding=\"async\" width=\"720\" height=\"543\" src=\"http:\/\/ramakantmaharaj.fr\/wp-content\/uploads\/2025\/08\/2-IMG-20190510-WA0005.jpg\" alt=\"\" class=\"wp-image-31\" srcset=\"https:\/\/ramakantmaharaj.fr\/wp-content\/uploads\/2025\/08\/2-IMG-20190510-WA0005.jpg 720w, https:\/\/ramakantmaharaj.fr\/wp-content\/uploads\/2025\/08\/2-IMG-20190510-WA0005-300x226.jpg 300w\" sizes=\"auto, (max-width: 720px) 100vw, 720px\" \/><\/figure>\n\n\n\n<p><br>Sri Ramakant Maharaj (1941, 2018) un sage indien, disciple direct de Nisargadatta Maharaj (1897-1981) de la lign\u00e9e des Navnaths. Il a pass\u00e9 19 ans avec lui.<\/p>\n\n\n\n<figure class=\"wp-block-image size-large is-resized\"><img loading=\"lazy\" decoding=\"async\" width=\"1024\" height=\"768\" src=\"http:\/\/ramakantmaharaj.fr\/wp-content\/uploads\/2025\/08\/2-IMG-20190524-WA0002-1024x768.jpg\" alt=\"\" class=\"wp-image-32\" style=\"width:314px;height:auto\" srcset=\"https:\/\/ramakantmaharaj.fr\/wp-content\/uploads\/2025\/08\/2-IMG-20190524-WA0002-1024x768.jpg 1024w, https:\/\/ramakantmaharaj.fr\/wp-content\/uploads\/2025\/08\/2-IMG-20190524-WA0002-300x225.jpg 300w, https:\/\/ramakantmaharaj.fr\/wp-content\/uploads\/2025\/08\/2-IMG-20190524-WA0002-768x576.jpg 768w, https:\/\/ramakantmaharaj.fr\/wp-content\/uploads\/2025\/08\/2-IMG-20190524-WA0002-1536x1152.jpg 1536w, https:\/\/ramakantmaharaj.fr\/wp-content\/uploads\/2025\/08\/2-IMG-20190524-WA0002-400x300.jpg 400w, https:\/\/ramakantmaharaj.fr\/wp-content\/uploads\/2025\/08\/2-IMG-20190524-WA0002.jpg 1600w\" sizes=\"auto, (max-width: 1024px) 100vw, 1024px\" \/><\/figure>\n\n\n\n<p>Difficile de parler de Ramakant Maharaj qui n\u2019a jamais \u00e9t\u00e9 juste un corps. Voici quelques \u00e9l\u00e9ments biographiques qu\u2019il nous a livr\u00e9s lors de ses partages et que nous avons recueilli.<\/p>\n\n\n\n<p>Ramakant Sawant a grandi dans le village rural de Phondaghat, dans le Maharashtra.<\/p>\n\n\n\n<p>Dans sa vingtaine, il fut pr\u00e9sent\u00e9 par des proches \u00e0 son futur guru, Sri Nisargadatta Maharaj alors qu\u2019il faisait des jobs pour tenter de gagner sa vie \u00e0 Bombay. Apr\u00e8s avoir pass\u00e9 quelques mois avec le Ma\u00eetre, il re\u00e7ut le Naam Mantra, le Guru Mantra, le 2 octobre 1962. D\u00e8s lors, il rendait r\u00e9guli\u00e8rement visite \u00e0 Nisargadatta Maharaj et assistait \u00e0 ses satsangs. Nisargadatta l\u2019a \u00e9lev\u00e9 \u00e0 la fois spirituellement et socialement si l\u2019on peut dire, car il l\u2019a fait entrer, via un de ses disciples, dans une universit\u00e9 prestigieuse pour qu\u2019il puisse obtenir un bon m\u00e9tier. Il travailla dans le d\u00e9partement juridique d&rsquo;une banque de 1970 jusqu&rsquo;\u00e0 sa retraite en tant que directeur de banque en 2000. Il \u00e9tait mari\u00e9 \u00e0 Anvita Savant, \u00e9galement disciple de Shri Nisargadatta Maharaj. Ils ont deux fils.<\/p>\n\n\n\n<p>Lorsque Nisargadatta quitta son corps, c\u2019est son co-disciple, Ranjit Maharaj qui s\u2019est d\u00e9vou\u00e9 au r\u00f4le de Sadguru de la lign\u00e9e. Lorsque ce dernier a quitt\u00e9 son corps, Ramakant Maharaj a pris le relai. C\u2019est \u00e0 Nashik Road qu\u2019il \u00e9lut r\u00e9sidence, juste en face d\u2019un ashram que des disciples de Ranjit avaient commenc\u00e9 \u00e0 b\u00e2tir pour leur ma\u00eetre, parti plus t\u00f4t que pr\u00e9vu.<\/p>\n\n\n\n<p>Ramakant Maharaj venait participer aux activit\u00e9s quotidiennes de l\u2019ashram et y offrait des s\u00e9ances de question et r\u00e9ponses (satsangs). Jusque dans les derniers moments de sa vies, malgr\u00e9 une maladie qui lui laissait peu de r\u00e9pit, et qui emporta son corps en 2018, il initia de nombreux \u00e9tudiants, disciples et d\u00e9vots du monde entier aux enseignements et \u00e0 la lign\u00e9e Inchegiri Navnath Sampradaya.  <\/p>\n\n\n\n<p>Messages cl\u00e9s:<\/p>\n\n\n\n<ul class=\"wp-block-list\">\n<li>\u00c0 part votre Soi sans soi (sans soi s\u00e9par\u00e9), il n\u2019y a rien<\/li>\n\n\n\n<li>Votre identit\u00e9 n\u2019est pas xyz, c\u2019est une identit\u00e9 non identifi\u00e9e, comme l\u2019espace<\/li>\n\n\n\n<li>Ayez une grande foi en vous-m\u00eame, en votre Soi sans soi<\/li>\n\n\n\n<li>D\u00e9diez du temps \u00e0 vous-m\u00eame, \u00e0 votre Soi sans soi<\/li>\n\n\n\n<li>Cessez de chercher une autorit\u00e9, une b\u00e9n\u00e9diction ext\u00e9rieure. Tout est en vous<\/li>\n\n\n\n<li>Le mental pense, l&rsquo;intellect d\u00e9cide, et l&rsquo;ego dit \u00ab&nbsp;je d\u00e9cide&nbsp;\u00bb<\/li>\n<\/ul>\n\n\n\n<p><\/p>\n\n\n\n<figure class=\"wp-block-image\"><img loading=\"lazy\" decoding=\"async\" width=\"1000\" height=\"563\" src=\"http:\/\/ramakantmaharaj.fr\/wp-content\/uploads\/2025\/08\/20160110_124536.jpg\" alt=\"\" class=\"wp-image-33\" srcset=\"https:\/\/ramakantmaharaj.fr\/wp-content\/uploads\/2025\/08\/20160110_124536.jpg 1000w, https:\/\/ramakantmaharaj.fr\/wp-content\/uploads\/2025\/08\/20160110_124536-300x169.jpg 300w, https:\/\/ramakantmaharaj.fr\/wp-content\/uploads\/2025\/08\/20160110_124536-768x432.jpg 768w\" sizes=\"auto, (max-width: 1000px) 100vw, 1000px\" \/><\/figure>\n\n\n\n<p>L<\/p>\n","protected":false},"excerpt":{"rendered":"<p>Sri Ramakant Maharaj (1941, 2018) un sage indien, disciple direct de Nisargadatta Maharaj (1897-1981) de la lign\u00e9e des Navnaths. Il a pass\u00e9 19 ans avec lui. Difficile de parler de Ramakant Maharaj qui n\u2019a jamais \u00e9t\u00e9 juste un corps. Voici quelques \u00e9l\u00e9ments biographiques qu\u2019il nous a livr\u00e9s lors de ses partages et que nous avons recueilli. Ramakant Sawant a grandi dans le village rural de [&hellip;]<\/p>\n","protected":false},"author":1,"featured_media":0,"parent":0,"menu_order":0,"comment_status":"closed","ping_status":"closed","template":"","meta":{"footnotes":""},"class_list":["post-23","page","type-page","status-publish","hentry"],"_links":{"self":[{"href":"https:\/\/ramakantmaharaj.fr\/index.php\/wp-json\/wp\/v2\/pages\/23","targetHints":{"allow":["GET"]}}],"collection":[{"href":"https:\/\/ramakantmaharaj.fr\/index.php\/wp-json\/wp\/v2\/pages"}],"about":[{"href":"https:\/\/ramakantmaharaj.fr\/index.php\/wp-json\/wp\/v2\/types\/page"}],"author":[{"embeddable":true,"href":"https:\/\/ramakantmaharaj.fr\/index.php\/wp-json\/wp\/v2\/users\/1"}],"replies":[{"embeddable":true,"href":"https:\/\/ramakantmaharaj.fr\/index.php\/wp-json\/wp\/v2\/comments?post=23"}],"version-history":[{"count":9,"href":"https:\/\/ramakantmaharaj.fr\/index.php\/wp-json\/wp\/v2\/pages\/23\/revisions"}],"predecessor-version":[{"id":137,"href":"https:\/\/ramakantmaharaj.fr\/index.php\/wp-json\/wp\/v2\/pages\/23\/revisions\/137"}],"wp:attachment":[{"href":"https:\/\/ramakantmaharaj.fr\/index.php\/wp-json\/wp\/v2\/media?parent=23"}],"curies":[{"name":"wp","href":"https:\/\/api.w.org\/{rel}","templated":true}]}}