{"id":138,"date":"2025-10-16T17:01:58","date_gmt":"2025-10-16T17:01:58","guid":{"rendered":"https:\/\/ramakantmaharaj.fr\/?page_id=138"},"modified":"2025-10-31T20:52:12","modified_gmt":"2025-10-31T20:52:12","slug":"lignee-des-navnaths","status":"publish","type":"page","link":"https:\/\/ramakantmaharaj.fr\/index.php\/lignee-des-navnaths\/","title":{"rendered":"Lign\u00e9e des Navnaths"},"content":{"rendered":"\n<p><\/p>\n\n\n\n<figure class=\"wp-block-image size-full\"><img loading=\"lazy\" decoding=\"async\" width=\"700\" height=\"260\" src=\"https:\/\/ramakantmaharaj.fr\/wp-content\/uploads\/2025\/10\/NavnathCelebrations.jpg\" alt=\"\" class=\"wp-image-145\" srcset=\"https:\/\/ramakantmaharaj.fr\/wp-content\/uploads\/2025\/10\/NavnathCelebrations.jpg 700w, https:\/\/ramakantmaharaj.fr\/wp-content\/uploads\/2025\/10\/NavnathCelebrations-300x111.jpg 300w\" sizes=\"auto, (max-width: 700px) 100vw, 700px\" \/><\/figure>\n\n\n\n<p>Photomontage avec Sri Ramakant Maharaj entour\u00e9 de son Ma\u00eetre Sri Nisargadatta Maharaj et du Ma\u00eetre de son Ma\u00eetre, Sri Siddharameshwar Maharaj.<\/p>\n\n\n\n<h5 class=\"wp-block-heading\">Nisargadatta Maharaj<\/h5>\n\n\n\n<figure class=\"wp-block-image size-full\"><img loading=\"lazy\" decoding=\"async\" width=\"700\" height=\"316\" src=\"https:\/\/ramakantmaharaj.fr\/wp-content\/uploads\/2025\/10\/NisargadattaMaharaj_2.jpg\" alt=\"\" class=\"wp-image-146\" srcset=\"https:\/\/ramakantmaharaj.fr\/wp-content\/uploads\/2025\/10\/NisargadattaMaharaj_2.jpg 700w, https:\/\/ramakantmaharaj.fr\/wp-content\/uploads\/2025\/10\/NisargadattaMaharaj_2-300x135.jpg 300w\" sizes=\"auto, (max-width: 700px) 100vw, 700px\" \/><\/figure>\n\n\n\n<p>Nisargadatta Maharaj (1897-1981) \u00e9tait un guru indien de l&rsquo;Advaita Vedanta, connu pour son enseignement sur la non-dualit\u00e9. Il a \u00e9t\u00e9 disciple de Siddharameshwar Maharaj et son enseignement, caract\u00e9ris\u00e9 par sa simplicit\u00e9, a gagn\u00e9 en popularit\u00e9 en Occident gr\u00e2ce au livre \u00ab\u00a0I am That\u00a0\u00bb.<\/p>\n\n\n\n<p>Voici quelques points cl\u00e9s de sa vie et de son enseignement :<\/p>\n\n\n\n<ul class=\"wp-block-list\">\n<li><strong>Origines et parcours spirituel:<\/strong> Il a abandonn\u00e9 sa vie de marchand et sa famille pour entreprendre un p\u00e8lerinage apr\u00e8s avoir re\u00e7u l&rsquo;initiation de Siddharameshwar Maharaj. Puis il est revenu \u00e0 sa vie simple de marchand et p\u00e8re de famille.<\/li>\n\n\n\n<li><strong>Enseignement central:<\/strong> Il enseignait que la r\u00e9alisation de l&rsquo;absolu est d\u00e9j\u00e0 pr\u00e9sente en chacun et que la lib\u00e9ration (moksha) se trouve en r\u00e9alisant cette identit\u00e9 avec le Brahman.<\/li>\n\n\n\n<li><strong>Influence:<\/strong> Il est consid\u00e9r\u00e9 comme un sage hindou influent et une source d&rsquo;inspiration pour le courant de la non-dualit\u00e9 en Occident.<\/li>\n<\/ul>\n\n\n\n<p><\/p>\n\n\n\n<h5 class=\"wp-block-heading\">Siddharameshwar Maharaj<\/h5>\n\n\n\n<figure class=\"wp-block-image size-full\"><img loading=\"lazy\" decoding=\"async\" width=\"700\" height=\"302\" src=\"https:\/\/ramakantmaharaj.fr\/wp-content\/uploads\/2025\/10\/SiddharameshwarMaharaj_1.jpg\" alt=\"\" class=\"wp-image-147\" srcset=\"https:\/\/ramakantmaharaj.fr\/wp-content\/uploads\/2025\/10\/SiddharameshwarMaharaj_1.jpg 700w, https:\/\/ramakantmaharaj.fr\/wp-content\/uploads\/2025\/10\/SiddharameshwarMaharaj_1-300x129.jpg 300w\" sizes=\"auto, (max-width: 700px) 100vw, 700px\" \/><\/figure>\n\n\n\n<p>Siddharameshwar Maharaj (1888-1936) \u00e9tait un guru indien de l&rsquo;Advaita Vedanta, connu pour \u00eatre le ma\u00eetre de Nisargadatta Maharaj et Shri Ranjit Maharaj. N\u00e9 \u00e0 Pathri, il a montr\u00e9 des qualit\u00e9s exceptionnelles d\u00e8s son enfance et a travaill\u00e9 comme comptable avant de rencontrer son ma\u00eetre, Shri Bhausaheb Maharaj, qui lui a transmis la Navnath Sampradaya.<\/p>\n\n\n\n<p>Voici les points cl\u00e9s de sa vie :<\/p>\n\n\n\n<ul class=\"wp-block-list\">\n<li><strong>Enseignement:<\/strong> Il a d\u00e9velopp\u00e9 une pratique de m\u00e9ditation par r\u00e9citation du Mantra et a propos\u00e9 deux voies de r\u00e9alisation : le \u00ab\u00a0chemin de la fourmi\u00a0\u00bb (m\u00e9thode traditionnelle) et le \u00ab\u00a0chemin de l&rsquo;oiseau\u00a0\u00bb (voie directe).<\/li>\n\n\n\n<li><strong>Influence:<\/strong> Il a initi\u00e9 de nombreux disciples et est consid\u00e9r\u00e9 comme un grand ma\u00eetre de l&rsquo;Adva\u00efta Vedanta.<\/li>\n\n\n\n<li><strong>H\u00e9ritage:<\/strong> Il est d\u00e9c\u00e9d\u00e9 \u00e0 l&rsquo;\u00e2ge de 48 ans et a laiss\u00e9 une lign\u00e9e de disciples, dont Nisargadatta Maharaj et Shri Ranjit Maharaj.<\/li>\n<\/ul>\n","protected":false},"excerpt":{"rendered":"<p>Photomontage avec Sri Ramakant Maharaj entour\u00e9 de son Ma\u00eetre Sri Nisargadatta Maharaj et du Ma\u00eetre de son Ma\u00eetre, Sri Siddharameshwar Maharaj. Nisargadatta Maharaj Nisargadatta Maharaj (1897-1981) \u00e9tait un guru indien de l&rsquo;Advaita Vedanta, connu pour son enseignement sur la non-dualit\u00e9. Il a \u00e9t\u00e9 disciple de Siddharameshwar Maharaj et son enseignement, caract\u00e9ris\u00e9 par sa simplicit\u00e9, a gagn\u00e9 en popularit\u00e9 en Occident gr\u00e2ce au livre \u00ab\u00a0I am [&hellip;]<\/p>\n","protected":false},"author":1,"featured_media":0,"parent":0,"menu_order":0,"comment_status":"closed","ping_status":"closed","template":"","meta":{"footnotes":""},"class_list":["post-138","page","type-page","status-publish","hentry"],"_links":{"self":[{"href":"https:\/\/ramakantmaharaj.fr\/index.php\/wp-json\/wp\/v2\/pages\/138","targetHints":{"allow":["GET"]}}],"collection":[{"href":"https:\/\/ramakantmaharaj.fr\/index.php\/wp-json\/wp\/v2\/pages"}],"about":[{"href":"https:\/\/ramakantmaharaj.fr\/index.php\/wp-json\/wp\/v2\/types\/page"}],"author":[{"embeddable":true,"href":"https:\/\/ramakantmaharaj.fr\/index.php\/wp-json\/wp\/v2\/users\/1"}],"replies":[{"embeddable":true,"href":"https:\/\/ramakantmaharaj.fr\/index.php\/wp-json\/wp\/v2\/comments?post=138"}],"version-history":[{"count":4,"href":"https:\/\/ramakantmaharaj.fr\/index.php\/wp-json\/wp\/v2\/pages\/138\/revisions"}],"predecessor-version":[{"id":151,"href":"https:\/\/ramakantmaharaj.fr\/index.php\/wp-json\/wp\/v2\/pages\/138\/revisions\/151"}],"wp:attachment":[{"href":"https:\/\/ramakantmaharaj.fr\/index.php\/wp-json\/wp\/v2\/media?parent=138"}],"curies":[{"name":"wp","href":"https:\/\/api.w.org\/{rel}","templated":true}]}}